{"id":324,"date":"2024-12-27T21:20:52","date_gmt":"2024-12-27T20:20:52","guid":{"rendered":"https:\/\/kerboutier.fr\/?page_id=324"},"modified":"2026-02-05T18:02:48","modified_gmt":"2026-02-05T17:02:48","slug":"partenaires","status":"publish","type":"page","link":"https:\/\/kerboutier.fr\/index.php\/partenaires\/","title":{"rendered":"Partenaires"},"content":{"rendered":"\n<figure class=\"wp-block-image size-full\"><img loading=\"lazy\" decoding=\"async\" width=\"775\" height=\"240\" src=\"https:\/\/kerboutier.fr\/wp-content\/uploads\/2025\/05\/eden-logo.png\" alt=\"\" class=\"wp-image-593\" srcset=\"https:\/\/kerboutier.fr\/wp-content\/uploads\/2025\/05\/eden-logo.png 775w, https:\/\/kerboutier.fr\/wp-content\/uploads\/2025\/05\/eden-logo-300x93.png 300w, https:\/\/kerboutier.fr\/wp-content\/uploads\/2025\/05\/eden-logo-768x238.png 768w\" sizes=\"auto, (max-width: 767px) 89vw, (max-width: 1000px) 54vw, (max-width: 1071px) 543px, 580px\" \/><\/figure>\n\n\n\n<p>EDEN PALACE <br>Acad\u00e9mie d&rsquo;Art Vocal       45, quai d&rsquo;Arcole   56300 &#8211; PONTIVY<br><a href=\"http:\/\/www.academiedartvocal-edenpalace.com\">http:\/\/www.academiedartvocal-edenpalace.com<\/a><\/p>\n\n\n\n<p class=\"has-text-align-center\">*-*-*-*-*-*-********************************************************-*-*-*-*-*-*<\/p>\n\n\n\n<figure class=\"wp-block-image size-large\"><img loading=\"lazy\" decoding=\"async\" width=\"1024\" height=\"311\" src=\"https:\/\/kerboutier.fr\/wp-content\/uploads\/2026\/02\/Logis-de-Penker-1024x311.jpg\" alt=\"\" class=\"wp-image-1010\" srcset=\"https:\/\/kerboutier.fr\/wp-content\/uploads\/2026\/02\/Logis-de-Penker-1024x311.jpg 1024w, https:\/\/kerboutier.fr\/wp-content\/uploads\/2026\/02\/Logis-de-Penker-300x91.jpg 300w, https:\/\/kerboutier.fr\/wp-content\/uploads\/2026\/02\/Logis-de-Penker-768x233.jpg 768w, https:\/\/kerboutier.fr\/wp-content\/uploads\/2026\/02\/Logis-de-Penker-1536x467.jpg 1536w, https:\/\/kerboutier.fr\/wp-content\/uploads\/2026\/02\/Logis-de-Penker-2048x623.jpg 2048w\" sizes=\"auto, (max-width: 767px) 89vw, (max-width: 1000px) 54vw, (max-width: 1071px) 543px, 580px\" \/><\/figure>\n\n\n\n<p>Si vous cherchez un endroit agr\u00e9able pour passer la nuit apr\u00e8s un concert, voici ce qu&rsquo;il vous faut ! Vous serez re\u00e7us par des h\u00f4tes, amoureux de musique,  dans leur demeure de charme \u00e0 6kms de Kerboutier.<br>La visite c&rsquo;est ici : <a href=\"https:\/\/www.logisdepenker.com\/\">https:\/\/www.logisdepenker.com\/<\/a><\/p>\n\n\n\n<p class=\"has-text-align-center\">*-*-*-*-*-*-********************************************************-*-*-*-*-*-*<\/p>\n\n\n\n<figure class=\"wp-block-image size-large is-resized\"><img loading=\"lazy\" decoding=\"async\" width=\"1024\" height=\"713\" src=\"https:\/\/kerboutier.fr\/wp-content\/uploads\/2024\/12\/Numerisation_20241104-1024x713.jpg\" alt=\"\" class=\"wp-image-285\" style=\"width:260px;height:auto\" srcset=\"https:\/\/kerboutier.fr\/wp-content\/uploads\/2024\/12\/Numerisation_20241104-1024x713.jpg 1024w, https:\/\/kerboutier.fr\/wp-content\/uploads\/2024\/12\/Numerisation_20241104-300x209.jpg 300w, https:\/\/kerboutier.fr\/wp-content\/uploads\/2024\/12\/Numerisation_20241104-768x535.jpg 768w, https:\/\/kerboutier.fr\/wp-content\/uploads\/2024\/12\/Numerisation_20241104.jpg 1131w\" sizes=\"auto, (max-width: 767px) 89vw, (max-width: 1000px) 54vw, (max-width: 1071px) 543px, 580px\" \/><\/figure>\n\n\n\n<p><\/p>\n\n\n\n<p><\/p>\n\n\n\n<p><\/p>\n","protected":false},"excerpt":{"rendered":"<p>EDEN PALACE Acad\u00e9mie d&rsquo;Art Vocal 45, quai d&rsquo;Arcole 56300 &#8211; PONTIVYhttp:\/\/www.academiedartvocal-edenpalace.com *-*-*-*-*-*-********************************************************-*-*-*-*-*-* Si vous cherchez un endroit agr\u00e9able pour passer la nuit apr\u00e8s un concert, voici ce qu&rsquo;il vous faut ! Vous serez re\u00e7us par des h\u00f4tes, amoureux de musique, dans leur demeure de charme \u00e0 6kms de Kerboutier.La visite c&rsquo;est ici : https:\/\/www.logisdepenker.com\/ *-*-*-*-*-*-********************************************************-*-*-*-*-*-*<\/p>\n","protected":false},"author":1,"featured_media":0,"parent":0,"menu_order":0,"comment_status":"closed","ping_status":"closed","template":"","meta":{"footnotes":""},"class_list":["post-324","page","type-page","status-publish","hentry"],"_links":{"self":[{"href":"https:\/\/kerboutier.fr\/index.php\/wp-json\/wp\/v2\/pages\/324","targetHints":{"allow":["GET"]}}],"collection":[{"href":"https:\/\/kerboutier.fr\/index.php\/wp-json\/wp\/v2\/pages"}],"about":[{"href":"https:\/\/kerboutier.fr\/index.php\/wp-json\/wp\/v2\/types\/page"}],"author":[{"embeddable":true,"href":"https:\/\/kerboutier.fr\/index.php\/wp-json\/wp\/v2\/users\/1"}],"replies":[{"embeddable":true,"href":"https:\/\/kerboutier.fr\/index.php\/wp-json\/wp\/v2\/comments?post=324"}],"version-history":[{"count":9,"href":"https:\/\/kerboutier.fr\/index.php\/wp-json\/wp\/v2\/pages\/324\/revisions"}],"predecessor-version":[{"id":1017,"href":"https:\/\/kerboutier.fr\/index.php\/wp-json\/wp\/v2\/pages\/324\/revisions\/1017"}],"wp:attachment":[{"href":"https:\/\/kerboutier.fr\/index.php\/wp-json\/wp\/v2\/media?parent=324"}],"curies":[{"name":"wp","href":"https:\/\/api.w.org\/{rel}","templated":true}]}}